{"id":979,"date":"2023-07-04T08:11:22","date_gmt":"2023-07-04T08:11:22","guid":{"rendered":"https:\/\/thord.dk\/?page_id=979"},"modified":"2025-01-16T14:04:55","modified_gmt":"2025-01-16T14:04:55","slug":"p-r-i-s","status":"publish","type":"page","link":"https:\/\/thord.dk\/?page_id=979","title":{"rendered":"Praktisk"},"content":{"rendered":"\n<p style=\"font-size:24px\"><p style=\"font-size:24px\"><strong>Pris<\/strong><\/p><\/p>\n\n\n\n<p>IFS samtaleterapi: 900 kr for 60 min. \/ 1350 kr for 90 min.<\/p>\n\n\n\n<p>Kraniosakral kropsterapi: 900 kr for 60-70 min. inkl. samtale.<\/p>\n\n\n\n<p>Prisen er vejledende. Hvis du sidder i et godt job eller tjener meget, tager jeg typisk 1100 kr pr session. Hvis du har sv\u00e6rt ved at f\u00e5 enderne til at n\u00e5 sammen, kan vi aftale en lavere pris.<\/p>\n\n\n\n<p style=\"font-size:24px\"><strong>Afbud<\/strong><\/p>\n\n\n\n<p>Husk afbud senest 24 timer f\u00f8r behandlingen skulle begynde. Ved senere afbud betales fuld pris for ydelsen.<\/p>\n\n\n\n<p class=\"has-white-color has-text-color\">.<\/p>\n\n\n\n<p class=\"has-white-color has-text-color\">.<\/p>\n","protected":false},"excerpt":{"rendered":"<p>Pris IFS samtaleterapi: 900 kr for 60 min. \/ 1350 kr for 90 min. Kraniosakral kropsterapi: 900 kr for 60-70 min. inkl. samtale. Prisen er vejledende. Hvis du sidder i et godt job eller tjener meget, tager jeg typisk 1100 kr pr session. Hvis du har sv\u00e6rt ved at f\u00e5 [&hellip;]<\/p>\n","protected":false},"author":1,"featured_media":0,"parent":0,"menu_order":0,"comment_status":"closed","ping_status":"closed","template":"","meta":{"footnotes":""},"class_list":["post-979","page","type-page","status-publish","hentry"],"_links":{"self":[{"href":"https:\/\/thord.dk\/index.php?rest_route=\/wp\/v2\/pages\/979","targetHints":{"allow":["GET"]}}],"collection":[{"href":"https:\/\/thord.dk\/index.php?rest_route=\/wp\/v2\/pages"}],"about":[{"href":"https:\/\/thord.dk\/index.php?rest_route=\/wp\/v2\/types\/page"}],"author":[{"embeddable":true,"href":"https:\/\/thord.dk\/index.php?rest_route=\/wp\/v2\/users\/1"}],"replies":[{"embeddable":true,"href":"https:\/\/thord.dk\/index.php?rest_route=%2Fwp%2Fv2%2Fcomments&post=979"}],"version-history":[{"count":36,"href":"https:\/\/thord.dk\/index.php?rest_route=\/wp\/v2\/pages\/979\/revisions"}],"predecessor-version":[{"id":1503,"href":"https:\/\/thord.dk\/index.php?rest_route=\/wp\/v2\/pages\/979\/revisions\/1503"}],"wp:attachment":[{"href":"https:\/\/thord.dk\/index.php?rest_route=%2Fwp%2Fv2%2Fmedia&parent=979"}],"curies":[{"name":"wp","href":"https:\/\/api.w.org\/{rel}","templated":true}]}}