{"id":826,"date":"2022-10-28T17:56:05","date_gmt":"2022-10-28T17:56:05","guid":{"rendered":"https:\/\/thord.dk\/?page_id=826"},"modified":"2025-01-10T17:58:31","modified_gmt":"2025-01-10T17:58:31","slug":"kontakt_","status":"publish","type":"page","link":"https:\/\/thord.dk\/?page_id=826","title":{"rendered":"Kontakt &#038; booking"},"content":{"rendered":"\n<p style=\"font-size:24px\"><strong>Book en tid<\/strong><\/p>\n\n\n\n<p>Kontakt mig for en tid p\u00e5 email <em>thord.dk@pm.me <\/em><\/p>\n\n\n\n<p>Har du sp\u00f8rgsm\u00e5l, er du ligeledes meget velkommen til at skrive til mig. Hvis du foretr\u00e6kker at tale i telefon, skriv dit telefonnummer i emailen, s\u00e5 ringer jeg til dig.<\/p>\n\n\n\n<p style=\"font-size:24px\"><strong>Behandlingssted<\/strong><\/p>\n\n\n\n<p>Sundhedscenter Vanl\u00f8se, Skjulh\u00f8j All\u00e9 32 (bagg\u00e5rden), 2720 Vanl\u00f8se<\/p>\n\n\n\n<p>OBS: for IFS er online terapi via sikker forbindelse ogs\u00e5 muligt<\/p>\n\n\n\n<figure class=\"wp-block-image size-large\"><img data-opt-id=1938659680  fetchpriority=\"high\" decoding=\"async\" width=\"1024\" height=\"687\" src=\"https:\/\/mlucr3z1hmwm.i.optimole.com\/w:1024\/h:687\/q:mauto\/ig:avif\/https:\/\/thord.dk\/wp-content\/uploads\/2022\/10\/Screenshot-2022-10-17-at-18.00.34.png\" alt=\"Let at n\u00e5 med offentlig transport, gratis parkering ved klinikken\" class=\"wp-image-148\" srcset=\"https:\/\/mlucr3z1hmwm.i.optimole.com\/w:1024\/h:687\/q:mauto\/ig:avif\/https:\/\/thord.dk\/wp-content\/uploads\/2022\/10\/Screenshot-2022-10-17-at-18.00.34.png 1024w, https:\/\/mlucr3z1hmwm.i.optimole.com\/w:600\/h:402\/q:mauto\/ig:avif\/https:\/\/thord.dk\/wp-content\/uploads\/2022\/10\/Screenshot-2022-10-17-at-18.00.34.png 600w, https:\/\/mlucr3z1hmwm.i.optimole.com\/w:300\/h:201\/q:mauto\/ig:avif\/https:\/\/thord.dk\/wp-content\/uploads\/2022\/10\/Screenshot-2022-10-17-at-18.00.34.png 300w, https:\/\/mlucr3z1hmwm.i.optimole.com\/w:768\/h:515\/q:mauto\/ig:avif\/https:\/\/thord.dk\/wp-content\/uploads\/2022\/10\/Screenshot-2022-10-17-at-18.00.34.png 768w, https:\/\/mlucr3z1hmwm.i.optimole.com\/w:1536\/h:1030\/q:mauto\/ig:avif\/https:\/\/thord.dk\/wp-content\/uploads\/2022\/10\/Screenshot-2022-10-17-at-18.00.34.png 1536w, https:\/\/mlucr3z1hmwm.i.optimole.com\/w:1200\/h:805\/q:mauto\/ig:avif\/https:\/\/thord.dk\/wp-content\/uploads\/2022\/10\/Screenshot-2022-10-17-at-18.00.34.png 1200w, https:\/\/mlucr3z1hmwm.i.optimole.com\/w:1610\/h:1080\/q:mauto\/ig:avif\/https:\/\/thord.dk\/wp-content\/uploads\/2022\/10\/Screenshot-2022-10-17-at-18.00.34.png 1816w\" sizes=\"(max-width: 750px) 100vw, 750px\" \/><\/figure>\n\n\n\n<p class=\"has-white-color has-text-color\">.<\/p>\n\n\n\n<p style=\"font-size:24px\"><strong>Transport<\/strong><\/p>\n\n\n\n<p><span style=\"text-decoration: underline;\">Offentlig transport:<\/span> Sundhedscenter Vanl\u00f8se ligger 12-15 min. gang fra Vanl\u00f8se Station og ca. 10 min. gang fra Jyllinge Station. Buslinjerne 9A, 12 og 22 holder t\u00e6t p\u00e5 Skjulh\u00f8j All\u00e9.<\/p>\n\n\n\n<p><span style=\"text-decoration: underline;\">Bil:<\/span> gratis parkering i de omliggende gader (v\u00e6r OBS p\u00e5 tidsbegr\u00e6nsninger nogle steder).<\/p>\n\n\n\n<p class=\"has-white-color has-text-color\">.<\/p>\n\n\n\n<figure class=\"wp-block-gallery has-nested-images columns-default is-cropped wp-block-gallery-1 is-layout-flex wp-block-gallery-is-layout-flex\"><\/figure>\n","protected":false},"excerpt":{"rendered":"<p>Book en tid Kontakt mig for en tid p\u00e5 email thord.dk@pm.me Har du sp\u00f8rgsm\u00e5l, er du ligeledes meget velkommen til at skrive til mig. Hvis du foretr\u00e6kker at tale i telefon, skriv dit telefonnummer i emailen, s\u00e5 ringer jeg til dig. Behandlingssted Sundhedscenter Vanl\u00f8se, Skjulh\u00f8j All\u00e9 32 (bagg\u00e5rden), 2720 Vanl\u00f8se [&hellip;]<\/p>\n","protected":false},"author":1,"featured_media":0,"parent":0,"menu_order":0,"comment_status":"closed","ping_status":"closed","template":"","meta":{"footnotes":""},"class_list":["post-826","page","type-page","status-publish","hentry"],"_links":{"self":[{"href":"https:\/\/thord.dk\/index.php?rest_route=\/wp\/v2\/pages\/826","targetHints":{"allow":["GET"]}}],"collection":[{"href":"https:\/\/thord.dk\/index.php?rest_route=\/wp\/v2\/pages"}],"about":[{"href":"https:\/\/thord.dk\/index.php?rest_route=\/wp\/v2\/types\/page"}],"author":[{"embeddable":true,"href":"https:\/\/thord.dk\/index.php?rest_route=\/wp\/v2\/users\/1"}],"replies":[{"embeddable":true,"href":"https:\/\/thord.dk\/index.php?rest_route=%2Fwp%2Fv2%2Fcomments&post=826"}],"version-history":[{"count":28,"href":"https:\/\/thord.dk\/index.php?rest_route=\/wp\/v2\/pages\/826\/revisions"}],"predecessor-version":[{"id":1329,"href":"https:\/\/thord.dk\/index.php?rest_route=\/wp\/v2\/pages\/826\/revisions\/1329"}],"wp:attachment":[{"href":"https:\/\/thord.dk\/index.php?rest_route=%2Fwp%2Fv2%2Fmedia&parent=826"}],"curies":[{"name":"wp","href":"https:\/\/api.w.org\/{rel}","templated":true}]}}