{"id":496,"date":"2022-10-25T10:46:40","date_gmt":"2022-10-25T10:46:40","guid":{"rendered":"https:\/\/thord.dk\/?page_id=496"},"modified":"2022-10-29T10:58:15","modified_gmt":"2022-10-29T10:58:15","slug":"hvad-klienterne-siger-om-behandlingerne","status":"publish","type":"page","link":"https:\/\/thord.dk\/?page_id=496","title":{"rendered":"Hvad klienterne siger"},"content":{"rendered":"\n<p id=\"Hvad klienterne siger\"><\/p>\n\n\n\n<p>Her lidt om effekten af kropsbehandlingerne, b\u00e5de fysisk og psykisk. Historierne er fortalt af klienterne selv:<\/p>\n\n\n\n<p><strong>Fysioterapeut 52 \u00e5r \u00a0\u2022 \u00a0livskrise \u00a0\u2022 \u00a0 8 behandlinger over 3 m\u00e5neder<\/strong><br><em>\u201dDen virkning, jeg har t\u00e6nkt mest over, er, at det gav mig en bedre kontakt til mig selv. Jeg synes Behandlingen stimulerede en egen omsorg og respekt for mig selv, jeg ikke har v\u00e6ret opm\u00e6rksom p\u00e5, at jeg manglede. Og det er jeg slet ikke f\u00e6rdig med at udforske endnu.\u201d<\/em><\/p>\n\n\n\n<p><strong>Administrator 57 \u00e5r \u00a0\u2022 \u00a0s\u00f8vnbesv\u00e6r \u00a0\u2022 \u00a07 behandlinger p\u00e5\u00a03\u00bd m\u00e5neder<\/strong><br><em>\u201dEfter 2 gange behandling begyndte min s\u00f8vn at \u00e6ndre sig, jeg sover nu hele natten. I tilgift er jeg kommet af med alle mine sp\u00e6ndinger i nakke, skuldre og \u00f8vre del af ryggen, hvor jeg f\u00f8r gik til fysioterapeut og kiropraktor. Jeg har\u00a0alment f\u00e5et det meget bedre og f\u00f8ler stadig, at der sker forandringer fra gang til gang. Jeg anbefaler disse behandlinger til alle jeg kender.\u201d<\/em><\/p>\n\n\n\n<p><strong>Erhvervsleder\u00a035 \u00e5r \u00a0\u2022 \u00a0akut stress \u00a0\u2022 \u00a06 behandlinger over 2 m\u00e5neder<\/strong><br><em>\u201cThe first effect of the treatments was a VERY relaxed feeling in my entire body, like I had slept deeply for a long night\u2026 and for the first time. I began to realize all the stress in my system \u2013 and to evaluate my work situation. The treatments helped me to rebuild my resources and to regain trust in my personal qualities.\u201d<\/em><\/p>\n\n\n\n<p><strong>Designer 37 \u00e5r \u00a0\u2022 \u00a0depression \u00a0\u2022 \u00a010 behandlinger over 5 m\u00e5neder<\/strong><br><em>\u201cDa jeg kom f\u00f8rste gang for en del m\u00e5neder siden, var jeg nedtrykt og tr\u00e6t. Livet var en k\u00e6mpe byrde, som min krop og sind ikke kunne holde til.\u00a0Jeg havde pr\u00f8vet en del samtale terapi og var klar til at pr\u00f8ve noget, hvor kroppen ogs\u00e5 fik behandling \u2013 for alt det den har samlet og gemt p\u00e5\u2026\u00a0Der er en verden til forskel: Hum\u00f8ret og energien er vendt tilbage, og jeg g\u00e5r i dag med rank ryg. Det har v\u00e6ret s\u00e5 sp\u00e6ndende og meget l\u00e6rerigt.\u201d<\/em><\/p>\n\n\n\n<p><strong>Sygeplejerske 47 \u00e5r  \u2022  hovedtraume &amp; stress  \u2022  3 behandlinger over 1 m\u00e5ned<\/strong><br><em>\u201dNoget faldt helt p\u00e5 plads under behandlingen. Det blev helt stille, helt roligt indeni, derefter helt trygt\u2026 en f\u00f8lelse af accept. S\u00e5 kom der styrke, jeg f\u00f8ler mig klar og centreret! Det har v\u00e6ret meget l\u00e6rerigt,&nbsp;jeg har nu muligheden for at g\u00f8re ting anderledes\u2026\u201d<\/em><\/p>\n\n\n\n<p><strong>P\u00e6dagogmedhj\u00e6lper 20 \u00e5r \u00a0\u2022 \u00a0hjernerystelse \u00a0\u2022 \u00a02 behandlinger over 2 uger<\/strong><br>Sygemeldt med hovedpine, svimmelhed, tr\u00e6thed og koncentrationsbesv\u00e6r efter fald p\u00e5 cykel. Efter f\u00f8rste behandling reduceres hovedpine og svimmelhed. Efter anden behandling forsvinder tr\u00e6thed og koncentrationsbesv\u00e6r. Er tilbage p\u00e5 job igen symptomfri.<\/p>\n\n\n\n<p><strong>Plejeassistent 56 \u00e5r  \u2022  indre pres &amp; <strong>fysisk smerte<\/strong>  \u2022  4 behandlinger over 2 m\u00e5neder<\/strong><br><em>\u201dJeg har det supergodt. Sk\u00f8n behandling, en fantastisk fornemmelse i krop og sind. Jeg er s\u00e5 taknemmelig!!\u201d<\/em><\/p>\n\n\n\n<p><strong>Ingeni\u00f8r 49 \u00e5r&nbsp; \u2022&nbsp; smerter i ben &amp; sovende fingre \u2022&nbsp; 5 behandlinger over 2\u00bd m\u00e5neder<\/strong><br><em>\u201dAllerede i ugerne efter f\u00f8rste behandling kunne jeg m\u00e6rke forbedring, og efter 5 behandlinger var snurren-i-fingrene og smerterne i benet forsvundet. Har fortsat behandlingerne en gang om m\u00e5neden&nbsp;for at forbygge skavanker,&nbsp;men ogs\u00e5 fordi det giver mig rigtig meget mentalt. Det er den rene meditation.\u201d<\/em><\/p>\n\n\n\n<p><strong>Psykolog\u00a068 \u00e5r\u00a0 \u2022 \u00a0skuldersmerter\u00a0 \u2022 \u00a04\u00a0behandlinger over 3 m\u00e5neder<\/strong><br><em>\u201dJeg fik behandlinger for skulderen for \u00bd \u00e5r siden. Siden er smerterne helt forsvundet. Der kommer bedre flow i kroppen efter hver behandling. Det er dejligt at ligge p\u00e5 briksen og slappe fuldst\u00e6ndig af \u2013\u00a0det nyder jeg virkelig!\u201d<\/em><\/p>\n\n\n\n<p><strong>HR-konsulent 62 \u00e5r \u00a0\u2022 \u00a0\u00f8mme halsmuskler \u00a0\u2022 \u00a01 behandling<\/strong><br><em>\u201dDet var en rigtig god oplevelse med din behandling, og lige da jeg gik fra dig, kunne jeg ikke rigtig m\u00e6rke nogen forskel, men n\u00e6ste morgen kunne jeg m\u00e6rke en stor forandring p\u00e5 mine \u00f8mme halsmuskler (de var jo meget \u00f8mme efter mit styrt p\u00e5 isen), og n\u00e6ste morgen var de n\u00e6sten ikke \u00f8mme mere. S\u00e5 tak for en rigtig god behandling.\u201d<\/em><\/p>\n\n\n\n<p><strong>Gymnasiel\u00e6rer 58 \u00e5r \u00a0\u2022 \u00a0kronisk \u00f8mme ben \u00a0\u2022 \u00a01 behandling<\/strong><br><em>\u201dMy initial reason for having a treatment was dizziness and tinnitus. After the first session these have diminished slightly. However, the treatment brought an unexpected and most welcome gift: The nearly disappearance of soreness and aching in my legs, which I have had for almost 30 years (after 2 skiing accidents in the 1980s). Now my legs feel somehow \u2018smooth\u2019 and grounded. I\u2019ll go for another treatment\u2026\u201d<\/em><\/p>\n\n\n\n<p><strong>HR-konsulent 34 \u00e5r \u00a0\u2022 \u00a0skulder- og nakkesmerter \u00a0\u2022 \u00a01 behandling<\/strong><br><em>\u201cAllerede da jeg sad i stolen igen efter behandlingen, havde jeg ikke ondt l\u00e6ngere. Og det har holdt sig resten af ugen. Jeg kan m\u00e6rke at mine muskler ind imellem stadig spj\u00e6tter lidt og at der stadig arbejdes i kroppen. S\u00e5 jeg er meget tilfreds og meget imponeret!\u201d<\/em><\/p>\n\n\n\n<p class=\"has-white-color has-text-color\">.<\/p>\n","protected":false},"excerpt":{"rendered":"<p>Her lidt om effekten af kropsbehandlingerne, b\u00e5de fysisk og psykisk. Historierne er fortalt af klienterne selv: Fysioterapeut 52 \u00e5r \u00a0\u2022 \u00a0livskrise \u00a0\u2022 \u00a0 8 behandlinger over 3 m\u00e5neder\u201dDen virkning, jeg har t\u00e6nkt mest over, er, at det gav mig en bedre kontakt til mig selv. Jeg synes Behandlingen stimulerede en [&hellip;]<\/p>\n","protected":false},"author":1,"featured_media":0,"parent":0,"menu_order":0,"comment_status":"closed","ping_status":"closed","template":"","meta":{"footnotes":""},"class_list":["post-496","page","type-page","status-publish","hentry"],"_links":{"self":[{"href":"https:\/\/thord.dk\/index.php?rest_route=\/wp\/v2\/pages\/496","targetHints":{"allow":["GET"]}}],"collection":[{"href":"https:\/\/thord.dk\/index.php?rest_route=\/wp\/v2\/pages"}],"about":[{"href":"https:\/\/thord.dk\/index.php?rest_route=\/wp\/v2\/types\/page"}],"author":[{"embeddable":true,"href":"https:\/\/thord.dk\/index.php?rest_route=\/wp\/v2\/users\/1"}],"replies":[{"embeddable":true,"href":"https:\/\/thord.dk\/index.php?rest_route=%2Fwp%2Fv2%2Fcomments&post=496"}],"version-history":[{"count":18,"href":"https:\/\/thord.dk\/index.php?rest_route=\/wp\/v2\/pages\/496\/revisions"}],"predecessor-version":[{"id":905,"href":"https:\/\/thord.dk\/index.php?rest_route=\/wp\/v2\/pages\/496\/revisions\/905"}],"wp:attachment":[{"href":"https:\/\/thord.dk\/index.php?rest_route=%2Fwp%2Fv2%2Fmedia&parent=496"}],"curies":[{"name":"wp","href":"https:\/\/api.w.org\/{rel}","templated":true}]}}