{"id":21,"date":"2022-10-06T12:29:05","date_gmt":"2022-10-06T12:29:05","guid":{"rendered":"https:\/\/thord.dk\/?page_id=21"},"modified":"2025-01-13T15:52:55","modified_gmt":"2025-01-13T15:52:55","slug":"om-thor-d","status":"publish","type":"page","link":"https:\/\/thord.dk\/?page_id=21","title":{"rendered":"Om : Thor"},"content":{"rendered":"\n<p>Jeg har arbejdet med mennesker hele mit liv. Siden 2012 med <em>biodynamisk kraniosakral<\/em>, og i 2017 tilf\u00f8jede jeg tilgange fra<em> biodynamisk kardiovaskul\u00e6r-terapi<\/em>. Gennem de sidste 2 \u00e5r har jeg kombinereret kropsterapien med <em>internal family systems<\/em> (IFS).<\/p>\n\n\n\n<p>Jeg er under vedvarende efteruddannelse og supervision. Vigtigst af alt (i arbejdet med andre mennesker) er jeg p\u00e5 en fortsat indre rejse, der startede for 35 \u00e5r siden. Det begyndte med psykoterapi, derefter shamanisme og yoga; buddhistisk meditation som jeg stadig praktiserer; videre over kropsarbejde, og nu udforskning af sindet via IFS.<\/p>\n\n\n\n<p>Min erfaring gennem mange \u00e5r er, at jeg kun kan v\u00e6re en st\u00f8tte for andre, n\u00e5r jeg kender dybden af mit eget v\u00e6sen. Denne udforskning har bydt p\u00e5 kontinuerligt arbejde med b\u00e5de gl\u00e6der og sorger. Vigtigst af alt har den givet mig en st\u00f8rre forst\u00e5else og tolerance for andres udfordringer.<\/p>\n\n\n\n<p><\/p>\n\n\n\n<p><\/p>\n\n\n\n<p class=\"has-white-color has-text-color\">.<\/p>\n\n\n\n<p><\/p>\n","protected":false},"excerpt":{"rendered":"<p>Jeg har arbejdet med mennesker hele mit liv. Siden 2012 med biodynamisk kraniosakral, og i 2017 tilf\u00f8jede jeg tilgange fra biodynamisk kardiovaskul\u00e6r-terapi. Gennem de sidste 2 \u00e5r har jeg kombinereret kropsterapien med internal family systems (IFS). Jeg er under vedvarende efteruddannelse og supervision. Vigtigst af alt (i arbejdet med andre [&hellip;]<\/p>\n","protected":false},"author":1,"featured_media":0,"parent":0,"menu_order":0,"comment_status":"closed","ping_status":"closed","template":"","meta":{"footnotes":""},"class_list":["post-21","page","type-page","status-publish","hentry"],"_links":{"self":[{"href":"https:\/\/thord.dk\/index.php?rest_route=\/wp\/v2\/pages\/21","targetHints":{"allow":["GET"]}}],"collection":[{"href":"https:\/\/thord.dk\/index.php?rest_route=\/wp\/v2\/pages"}],"about":[{"href":"https:\/\/thord.dk\/index.php?rest_route=\/wp\/v2\/types\/page"}],"author":[{"embeddable":true,"href":"https:\/\/thord.dk\/index.php?rest_route=\/wp\/v2\/users\/1"}],"replies":[{"embeddable":true,"href":"https:\/\/thord.dk\/index.php?rest_route=%2Fwp%2Fv2%2Fcomments&post=21"}],"version-history":[{"count":82,"href":"https:\/\/thord.dk\/index.php?rest_route=\/wp\/v2\/pages\/21\/revisions"}],"predecessor-version":[{"id":1457,"href":"https:\/\/thord.dk\/index.php?rest_route=\/wp\/v2\/pages\/21\/revisions\/1457"}],"wp:attachment":[{"href":"https:\/\/thord.dk\/index.php?rest_route=%2Fwp%2Fv2%2Fmedia&parent=21"}],"curies":[{"name":"wp","href":"https:\/\/api.w.org\/{rel}","templated":true}]}}