{"id":206,"date":"2022-10-20T15:57:00","date_gmt":"2022-10-20T15:57:00","guid":{"rendered":"https:\/\/thord.dk\/?page_id=206"},"modified":"2025-01-14T14:52:18","modified_gmt":"2025-01-14T14:52:18","slug":"fri-af-stress","status":"publish","type":"page","link":"https:\/\/thord.dk\/","title":{"rendered":"I F S : t  e  r  a  p  i @  t  h  o  r  d"},"content":{"rendered":"\n<p style=\"font-size:24px\"><strong>Internal Family Systems \/ KST med Thor Dondrup<\/strong><\/p>\n\n\n\n<div class=\"wp-block-group is-vertical is-layout-flex wp-container-core-group-is-layout-1 wp-block-group-is-layout-flex\">\n<ul class=\"wp-block-list\">\n<li><em>IFS sessions <a href=\"https:\/\/thord.dk\/?page_id=1174\" data-type=\"link\" data-id=\"https:\/\/thord.dk\/?page_id=1174\">in ENGLISH<\/a> are available <a href=\"https:\/\/thord.dk\/?page_id=1263\" data-type=\"link\" data-id=\"https:\/\/thord.dk\/?page_id=1263\">online &#8211; read more<\/a><\/em><\/li>\n<\/ul>\n\n\n\n<figure class=\"wp-block-image size-large is-resized\"><img data-opt-id=621305853  fetchpriority=\"high\" decoding=\"async\" width=\"805\" height=\"1024\" src=\"https:\/\/mlucr3z1hmwm.i.optimole.com\/w:805\/h:1024\/q:mauto\/ig:avif\/https:\/\/thord.dk\/wp-content\/uploads\/2022\/10\/prtrt.jpg\" alt=\"IFS practitioner\nBiodynamic craniosacral therapist\nNLP practitioner\nSygeplejerske\nCand.comm.\" class=\"wp-image-111\" style=\"width:419px\" srcset=\"https:\/\/mlucr3z1hmwm.i.optimole.com\/w:805\/h:1024\/q:mauto\/ig:avif\/https:\/\/thord.dk\/wp-content\/uploads\/2022\/10\/prtrt.jpg 805w, https:\/\/mlucr3z1hmwm.i.optimole.com\/w:600\/h:763\/q:mauto\/ig:avif\/https:\/\/thord.dk\/wp-content\/uploads\/2022\/10\/prtrt.jpg 600w, https:\/\/mlucr3z1hmwm.i.optimole.com\/w:236\/h:300\/q:mauto\/ig:avif\/https:\/\/thord.dk\/wp-content\/uploads\/2022\/10\/prtrt.jpg 236w, https:\/\/mlucr3z1hmwm.i.optimole.com\/w:768\/h:977\/q:mauto\/ig:avif\/https:\/\/thord.dk\/wp-content\/uploads\/2022\/10\/prtrt.jpg 768w, https:\/\/mlucr3z1hmwm.i.optimole.com\/w:848\/h:1080\/q:mauto\/ig:avif\/https:\/\/thord.dk\/wp-content\/uploads\/2022\/10\/prtrt.jpg 1207w, https:\/\/mlucr3z1hmwm.i.optimole.com\/w:848\/h:1080\/q:mauto\/ig:avif\/https:\/\/thord.dk\/wp-content\/uploads\/2022\/10\/prtrt.jpg 1200w, https:\/\/mlucr3z1hmwm.i.optimole.com\/w:848\/h:1080\/q:mauto\/ig:avif\/https:\/\/thord.dk\/wp-content\/uploads\/2022\/10\/prtrt.jpg 1506w\" sizes=\"(max-width: 750px) 100vw, 750px\" \/><\/figure>\n\n\n\n<p>Gennem de sidste 10 \u00e5r har jeg hjulpet mennesker til at blive fri af bl.a. stress og komme ned i gear. Min erfaring t\u00e6ller is\u00e6r udviklingstraumer, selvv\u00e6rd, familiebyrder, afh\u00e6ngighed og sorg &#8211; hvad end symptomerne er mentale, emotionelle eller kropslige.<\/p>\n<\/div>\n\n\n\n<p>I det emotionelle og mentale arbejder jeg f\u00f8rst og fremmest med <a href=\"https:\/\/thord.dk\/?page_id=1006\" data-type=\"link\" data-id=\"https:\/\/thord.dk\/?page_id=1006\"><em>internal family systems <\/em>(IFS)<\/a>, en b\u00e5de blid og dybdeg\u00e5ende samtaleterapiform.<\/p>\n\n\n\n<p>I kropsbehandlingen tr\u00e6kker jeg p\u00e5 flere \u00e5rs erfaring indenfor <a href=\"https:\/\/thord.dk\/?page_id=55\" data-type=\"link\" data-id=\"https:\/\/thord.dk\/?page_id=55\"><em>biodynamisk kraniosakral<\/em> (BKST)<\/a> og <em>kardiovaskul\u00e6r terapi<\/em> (BKVT). Du kan l\u00e6se mere om effekten af kranio-behandlingerne <a href=\"https:\/\/thord.dk\/?page_id=496\" data-type=\"URL\" data-id=\"https:\/\/thord.dk\/?page_id=496\">her<\/a> .<\/p>\n\n\n\n<p>Behandlingerne foreg\u00e5r i Vanl\u00f8se\/K\u00f8benhavn, hvor min <a href=\"https:\/\/thord.dk\/?page_id=826\" data-type=\"URL\" data-id=\"https:\/\/thord.dk\/?page_id=826\">klinik<\/a> ligger. <\/p>\n\n\n\n<p>IFS-sessioner fungerer fint online, hvis du foretr\u00e6kker at arbejde hjemmefra eller er forhindret i at komme in persona (sikker forbindelse via Zoom).<\/p>\n\n\n\n<p>Du er velkommen til at <a href=\"https:\/\/thord.dk\/?page_id=826\" data-type=\"link\" data-id=\"https:\/\/thord.dk\/?page_id=826\">kontakte mig<\/a> for at h\u00f8re n\u00e6rmere.<\/p>\n\n\n\n<p class=\"has-white-color has-text-color\">.<\/p>\n\n\n\n<p><\/p>\n","protected":false},"excerpt":{"rendered":"<p>Internal Family Systems \/ KST med Thor Dondrup Gennem de sidste 10 \u00e5r har jeg hjulpet mennesker til at blive fri af bl.a. stress og komme ned i gear. Min erfaring t\u00e6ller is\u00e6r udviklingstraumer, selvv\u00e6rd, familiebyrder, afh\u00e6ngighed og sorg &#8211; hvad end symptomerne er mentale, emotionelle eller kropslige. I det [&hellip;]<\/p>\n","protected":false},"author":1,"featured_media":0,"parent":0,"menu_order":0,"comment_status":"closed","ping_status":"closed","template":"","meta":{"footnotes":""},"class_list":["post-206","page","type-page","status-publish","hentry"],"_links":{"self":[{"href":"https:\/\/thord.dk\/index.php?rest_route=\/wp\/v2\/pages\/206","targetHints":{"allow":["GET"]}}],"collection":[{"href":"https:\/\/thord.dk\/index.php?rest_route=\/wp\/v2\/pages"}],"about":[{"href":"https:\/\/thord.dk\/index.php?rest_route=\/wp\/v2\/types\/page"}],"author":[{"embeddable":true,"href":"https:\/\/thord.dk\/index.php?rest_route=\/wp\/v2\/users\/1"}],"replies":[{"embeddable":true,"href":"https:\/\/thord.dk\/index.php?rest_route=%2Fwp%2Fv2%2Fcomments&post=206"}],"version-history":[{"count":155,"href":"https:\/\/thord.dk\/index.php?rest_route=\/wp\/v2\/pages\/206\/revisions"}],"predecessor-version":[{"id":1472,"href":"https:\/\/thord.dk\/index.php?rest_route=\/wp\/v2\/pages\/206\/revisions\/1472"}],"wp:attachment":[{"href":"https:\/\/thord.dk\/index.php?rest_route=%2Fwp%2Fv2%2Fmedia&parent=206"}],"curies":[{"name":"wp","href":"https:\/\/api.w.org\/{rel}","templated":true}]}}